{"id":216,"date":"2023-04-04T11:38:43","date_gmt":"2023-04-04T11:38:43","guid":{"rendered":"https:\/\/educaskate.com\/?post_type=product&#038;p=216"},"modified":"2025-05-30T01:47:01","modified_gmt":"2025-05-30T01:47:01","slug":"capacete-rosa","status":"publish","type":"product","link":"https:\/\/educaskate.com\/index.php\/produto\/capacete-rosa\/","title":{"rendered":"Capacete Rosa"},"content":{"rendered":"<p>Todos os produtos da Niggli Pads foram desenvolvidos por skatistas profissionais que se preocupam com a qualidade e a efici\u00eancia dos produtos, portanto s\u00e3o equipamentos que protegem de verdade!<\/p>\n<p><strong>Composi\u00e7\u00e3o<\/strong><\/p>\n<p><strong>Externo<\/strong>: Polipropileno de alta resist\u00eancia<br \/>\n<strong>Interno<\/strong>: Espumas EVA e PU<\/p>\n<p><strong>Tamanhos<\/strong> (Me\u00e7a Com Uma Fita M\u00e9trica Em Volta<br \/>\nDa Sua Cabe\u00e7a):<\/p>\n<p><strong>&#8211; PP:<\/strong> 51cm &#8211; 54cm<br \/>\n<strong>&#8211; P:<\/strong> 55cm &#8211; 57 cm<br \/>\n<strong>&#8211; M:<\/strong> 58cm &#8211; 60cm<br \/>\n<strong>&#8211; G:<\/strong> 61cm &#8211; 63cm<br \/>\n<strong>&#8211; GG:<\/strong> 64cm &#8211; 65cm<\/p>\n<p><strong>Criada pelo Skatista Profissional Carlos Niggli,<\/strong><br \/>\nA NIGGLI PADS surgiu em 2005 com o foco na funcionalidade e qualidade, e com o objetivo de suprir as necessidades de prote\u00e7\u00e3o dos esportistas radicais do Brasil.<\/p>\n","protected":false},"excerpt":{"rendered":"<p>Todos os produtos da Niggli Pads foram desenvolvidos por skatistas profissionais que se preocupam com a qualidade e a efici\u00eancia dos produtos, portanto s\u00e3o equipamentos que protegem de verdade! Composi\u00e7\u00e3o Externo: Polipropileno de alta resist\u00eancia Interno: Espumas EVA e PU Tamanhos (Me\u00e7a Com Uma Fita M\u00e9trica Em Volta Da Sua Cabe\u00e7a): &#8211; PP: 51cm &#8211; [&#8230;]\n","protected":false},"featured_media":206,"comment_status":"open","ping_status":"closed","template":"","meta":{"_joinchat":[]},"product_cat":[29],"product_tag":[],"_links":{"self":[{"href":"https:\/\/educaskate.com\/index.php\/wp-json\/wp\/v2\/product\/216"}],"collection":[{"href":"https:\/\/educaskate.com\/index.php\/wp-json\/wp\/v2\/product"}],"about":[{"href":"https:\/\/educaskate.com\/index.php\/wp-json\/wp\/v2\/types\/product"}],"replies":[{"embeddable":true,"href":"https:\/\/educaskate.com\/index.php\/wp-json\/wp\/v2\/comments?post=216"}],"wp:featuredmedia":[{"embeddable":true,"href":"https:\/\/educaskate.com\/index.php\/wp-json\/wp\/v2\/media\/206"}],"wp:attachment":[{"href":"https:\/\/educaskate.com\/index.php\/wp-json\/wp\/v2\/media?parent=216"}],"wp:term":[{"taxonomy":"product_cat","embeddable":true,"href":"https:\/\/educaskate.com\/index.php\/wp-json\/wp\/v2\/product_cat?post=216"},{"taxonomy":"product_tag","embeddable":true,"href":"https:\/\/educaskate.com\/index.php\/wp-json\/wp\/v2\/product_tag?post=216"}],"curies":[{"name":"wp","href":"https:\/\/api.w.org\/{rel}","templated":true}]}}