{"id":225,"date":"2024-12-13T19:59:46","date_gmt":"2024-12-13T19:59:46","guid":{"rendered":"https:\/\/educaskate.com\/?post_type=product&#038;p=225"},"modified":"2025-07-29T14:32:15","modified_gmt":"2025-07-29T14:32:15","slug":"garrafa-termica-educa-skate","status":"publish","type":"product","link":"https:\/\/educaskate.com\/index.php\/produto\/garrafa-termica-educa-skate\/","title":{"rendered":"Garrafa T\u00e9rmica Educa Skate"},"content":{"rendered":"<p>Garrafas t\u00e9rmicas em v\u00e1rias cores<\/p>\n","protected":false},"excerpt":{"rendered":"<p>Garrafas t\u00e9rmicas em v\u00e1rias cores<\/p>\n","protected":false},"featured_media":226,"comment_status":"open","ping_status":"closed","template":"","meta":{"_joinchat":[]},"product_cat":[32],"product_tag":[33,34,35],"_links":{"self":[{"href":"https:\/\/educaskate.com\/index.php\/wp-json\/wp\/v2\/product\/225"}],"collection":[{"href":"https:\/\/educaskate.com\/index.php\/wp-json\/wp\/v2\/product"}],"about":[{"href":"https:\/\/educaskate.com\/index.php\/wp-json\/wp\/v2\/types\/product"}],"replies":[{"embeddable":true,"href":"https:\/\/educaskate.com\/index.php\/wp-json\/wp\/v2\/comments?post=225"}],"wp:featuredmedia":[{"embeddable":true,"href":"https:\/\/educaskate.com\/index.php\/wp-json\/wp\/v2\/media\/226"}],"wp:attachment":[{"href":"https:\/\/educaskate.com\/index.php\/wp-json\/wp\/v2\/media?parent=225"}],"wp:term":[{"taxonomy":"product_cat","embeddable":true,"href":"https:\/\/educaskate.com\/index.php\/wp-json\/wp\/v2\/product_cat?post=225"},{"taxonomy":"product_tag","embeddable":true,"href":"https:\/\/educaskate.com\/index.php\/wp-json\/wp\/v2\/product_tag?post=225"}],"curies":[{"name":"wp","href":"https:\/\/api.w.org\/{rel}","templated":true}]}}